{"id":1711,"date":"2015-06-29T15:29:30","date_gmt":"2015-06-29T15:29:30","guid":{"rendered":"https:\/\/new.villa-magdalena.net\/?page_id=1711"},"modified":"2024-10-15T11:29:58","modified_gmt":"2024-10-15T11:29:58","slug":"zagreb","status":"publish","type":"page","link":"https:\/\/www.villa-magdalena.net\/de\/zagreb\/","title":{"rendered":"Zagreb"},"content":{"rendered":"\t\t<div data-elementor-type=\"wp-page\" data-elementor-id=\"1711\" class=\"elementor elementor-1711 elementor-1671\" data-elementor-post-type=\"page\">\n\t\t\t\t<div class=\"elementor-element elementor-element-40e27788 e-flex e-con-boxed e-con e-parent\" data-id=\"40e27788\" data-element_type=\"container\">\n\t\t\t\t\t<div class=\"e-con-inner\">\n\t\t\t\t<div class=\"elementor-element elementor-element-56c12bd5 elementor-widget elementor-widget-text-editor\" data-id=\"56c12bd5\" data-element_type=\"widget\" data-widget_type=\"text-editor.default\">\n\t\t\t\t<div class=\"elementor-widget-container\">\n\t\t\t\t\t\t\t\t\t<h3>Zagreb<\/h3><p>Krapinske Toplice und Villa Magdalena sind ca. 40 km von der kroatischen Hauptstadt entfernt, davon sind 30 km auf der Autobahn zur\u00fcckzulegen. Mit dem Auto braucht man durchschnittlich 35-45 Min. bis zum Stadtzentrum.<\/p><p>W\u00e4hrend Ihres Aufenthalts in der Villa Magdalena k\u00f6nnen Sie auch die kroatische Hauptstadt Zagreb entdecken. Sie liegt am Fu\u00dfe des Berges Medvednica und bietet jedem Besucher eine herzliche Begr\u00fc\u00dfung. Mit jedem weiteren Schritt durch die historischen Stra\u00dfen wird Ihnen klar sein, warum diese Stadt das neue \u201emust-see\u201c Reiseziel genannt wird.<\/p><p>Sie k\u00f6nnen die Stadt entweder zu Fu\u00df oder mit dem Bus besichtigen. Wir empfehlen folgende Sehensw\u00fcrdigkeiten:<\/p><ul><li>Parks: Botani\u010dki vrt (Botanischer Garten), Bundek, Jarun, Naturpark Medvednica, Maksimir, Ribnjak, Strossmayerovo \u0161etali\u0161te (Strossmayer-Promenade), Zrinjevac<\/li><li>Pl\u00e4tze: Trg bana Josipa Jela\u010di\u0107a (Ban-Jela\u010di\u0107-Platz), Markov trg (Markusplatz), Trg Petra Preradovi\u0107a gen. Cvjetni trg (Petar-Preradovi\u0107-Platz), Trg kralja Tomislava (Kralj-Tomislav-Platz)&#8230;<\/li><li>Aussichtspunkte: Maksimir, Zagreb 360\u00b0(Zagreb Eye), Kula Lotr\u0161\u010dak (Lotr\u0161\u010dak-Turm), Sljeme (Gipfel von Medvednica)&#8230;<\/li><li>Museen: Muzej Mimara (Mimara-Museum), Muzej suvremene umjetnosti (Museum f\u00fcr zeitgen\u00f6ssische Kunst), Arheolo\u0161ki muzej (Arch\u00e4ologisches Museum), Muzej prekinutih veza (Museum der zerbrochenen Beziehungen), Tehni\u010dki muzej (Technisches Museum), Gliptoteka HAZU (Glyptothek HAZU)&#8230;<\/li><li>Kirchen: Zagreba\u010dka katedrala (Zagreber Dom), Crkva sv. Marka (Kirche St. Markus), Crkva sv. Katarine (Kirche St. Katharina)&#8230;<\/li><li>Shopping-Zentren: Centar Kaptol, Avennue Mall, City Center One, West Gate<\/li><li>weitere Empehlungen: HNK (Kroatisches Volkstheater), Kamenita vrata (Steintor), Uspinja\u010da (Bergbahn), Dolac (Dolac-Markt), Popov toranj sa Zvjezdarnicom (Priesterturm mit Sternwarte)<\/li><\/ul><p>Und nach einem anstrengenden Tag entspannen Sie sich bei dem Abendessen auf der Terrasse oder im Jacuzzi im eigenen Appartement.<br \/><br \/><\/p>\t\t\t\t\t\t\t\t<\/div>\n\t\t\t\t<\/div>\n\t\t\t\t\t<\/div>\n\t\t\t\t<\/div>\n\t\t\t\t<\/div>\n\t\t","protected":false},"excerpt":{"rendered":"<p>Zagreb Krapinske Toplice und Villa Magdalena sind ca. 40 km von der kroatischen Hauptstadt entfernt, davon sind 30 km auf der Autobahn zur\u00fcckzulegen. Mit dem Auto braucht man durchschnittlich 35-45 Min. bis zum Stadtzentrum. W\u00e4hrend Ihres Aufenthalts in der Villa Magdalena k\u00f6nnen Sie auch die kroatische Hauptstadt Zagreb entdecken. Sie liegt am Fu\u00dfe des Berges [&hellip;]<\/p>\n","protected":false},"author":1,"featured_media":0,"parent":0,"menu_order":0,"comment_status":"closed","ping_status":"open","template":"","meta":{"footnotes":""},"class_list":["post-1711","page","type-page","status-publish","hentry"],"_links":{"self":[{"href":"https:\/\/www.villa-magdalena.net\/de\/wp-json\/wp\/v2\/pages\/1711","targetHints":{"allow":["GET"]}}],"collection":[{"href":"https:\/\/www.villa-magdalena.net\/de\/wp-json\/wp\/v2\/pages"}],"about":[{"href":"https:\/\/www.villa-magdalena.net\/de\/wp-json\/wp\/v2\/types\/page"}],"author":[{"embeddable":true,"href":"https:\/\/www.villa-magdalena.net\/de\/wp-json\/wp\/v2\/users\/1"}],"replies":[{"embeddable":true,"href":"https:\/\/www.villa-magdalena.net\/de\/wp-json\/wp\/v2\/comments?post=1711"}],"version-history":[{"count":7,"href":"https:\/\/www.villa-magdalena.net\/de\/wp-json\/wp\/v2\/pages\/1711\/revisions"}],"predecessor-version":[{"id":15015,"href":"https:\/\/www.villa-magdalena.net\/de\/wp-json\/wp\/v2\/pages\/1711\/revisions\/15015"}],"wp:attachment":[{"href":"https:\/\/www.villa-magdalena.net\/de\/wp-json\/wp\/v2\/media?parent=1711"}],"curies":[{"name":"wp","href":"https:\/\/api.w.org\/{rel}","templated":true}]}}