{"id":5784,"date":"2018-04-29T10:56:04","date_gmt":"2018-04-29T10:56:04","guid":{"rendered":"https:\/\/new.villa-magdalena.net\/?page_id=5784\/"},"modified":"2024-10-15T10:51:47","modified_gmt":"2024-10-15T10:51:47","slug":"nordic-walking","status":"publish","type":"page","link":"https:\/\/www.villa-magdalena.net\/de\/nordic-walking\/","title":{"rendered":"Nordic walking"},"content":{"rendered":"\t\t<div data-elementor-type=\"wp-page\" data-elementor-id=\"5784\" class=\"elementor elementor-5784 elementor-5662\" data-elementor-post-type=\"page\">\n\t\t\t\t<div class=\"elementor-element elementor-element-46e5847 e-flex e-con-boxed e-con e-parent\" data-id=\"46e5847\" data-element_type=\"container\" data-settings=\"{&quot;background_background&quot;:&quot;gradient&quot;}\">\n\t\t\t\t\t<div class=\"e-con-inner\">\n\t\t<div class=\"elementor-element elementor-element-cec50bf e-con-full e-flex elementor-invisible e-con e-child\" data-id=\"cec50bf\" data-element_type=\"container\" data-settings=\"{&quot;animation&quot;:&quot;fadeInUp&quot;,&quot;animation_delay&quot;:100}\">\n\t\t\t\t<div class=\"elementor-element elementor-element-5cc275a elementor-widget elementor-widget-gallery\" data-id=\"5cc275a\" data-element_type=\"widget\" data-settings=\"{&quot;gallery_layout&quot;:&quot;masonry&quot;,&quot;columns&quot;:2,&quot;columns_mobile&quot;:2,&quot;lazyload&quot;:&quot;yes&quot;,&quot;columns_tablet&quot;:2,&quot;gap&quot;:{&quot;unit&quot;:&quot;px&quot;,&quot;size&quot;:10,&quot;sizes&quot;:[]},&quot;gap_tablet&quot;:{&quot;unit&quot;:&quot;px&quot;,&quot;size&quot;:10,&quot;sizes&quot;:[]},&quot;gap_mobile&quot;:{&quot;unit&quot;:&quot;px&quot;,&quot;size&quot;:10,&quot;sizes&quot;:[]},&quot;link_to&quot;:&quot;file&quot;,&quot;overlay_background&quot;:&quot;yes&quot;,&quot;content_hover_animation&quot;:&quot;fade-in&quot;}\" data-widget_type=\"gallery.default\">\n\t\t\t\t<div class=\"elementor-widget-container\">\n\t\t\t\t\t\t\t<div class=\"elementor-gallery__container\">\n\t\t\t\t\t\t\t<a class=\"e-gallery-item elementor-gallery-item elementor-animated-content\" href=\"https:\/\/www.villa-magdalena.net\/wp-content\/uploads\/pexels-pnw-prod-7624977-scaled-1-1.jpg\" data-elementor-open-lightbox=\"yes\" data-elementor-lightbox-slideshow=\"5cc275a\" data-elementor-lightbox-title=\"pexels-pnw-prod-7624977-scaled-1.jpg\" data-e-action-hash=\"#elementor-action%3Aaction%3Dlightbox%26settings%3DeyJpZCI6MTQ5NDAsInVybCI6Imh0dHBzOlwvXC93d3cudmlsbGEtbWFnZGFsZW5hLm5ldFwvd3AtY29udGVudFwvdXBsb2Fkc1wvcGV4ZWxzLXBudy1wcm9kLTc2MjQ5Nzctc2NhbGVkLTEtMS5qcGciLCJzbGlkZXNob3ciOiI1Y2MyNzVhIn0%3D\">\n\t\t\t\t\t<div class=\"e-gallery-image elementor-gallery-item__image\" data-thumbnail=\"https:\/\/www.villa-magdalena.net\/wp-content\/uploads\/pexels-pnw-prod-7624977-scaled-1-1-768x512.jpg\" data-width=\"768\" data-height=\"512\" aria-label=\"\" role=\"img\" ><\/div>\n\t\t\t\t\t\t\t\t\t\t\t<div class=\"elementor-gallery-item__overlay\"><\/div>\n\t\t\t\t\t\t\t\t\t\t\t\t\t\t<\/a>\n\t\t\t\t\t\t\t<a class=\"e-gallery-item elementor-gallery-item elementor-animated-content\" href=\"https:\/\/www.villa-magdalena.net\/wp-content\/uploads\/View1-3-scaled-1-1.jpg\" data-elementor-open-lightbox=\"yes\" data-elementor-lightbox-slideshow=\"5cc275a\" data-elementor-lightbox-title=\"View1-3-scaled-1.jpg\" data-e-action-hash=\"#elementor-action%3Aaction%3Dlightbox%26settings%3DeyJpZCI6MTQ5NDYsInVybCI6Imh0dHBzOlwvXC93d3cudmlsbGEtbWFnZGFsZW5hLm5ldFwvd3AtY29udGVudFwvdXBsb2Fkc1wvVmlldzEtMy1zY2FsZWQtMS0xLmpwZyIsInNsaWRlc2hvdyI6IjVjYzI3NWEifQ%3D%3D\">\n\t\t\t\t\t<div class=\"e-gallery-image elementor-gallery-item__image\" data-thumbnail=\"https:\/\/www.villa-magdalena.net\/wp-content\/uploads\/View1-3-scaled-1-1-768x512.jpg\" data-width=\"768\" data-height=\"512\" aria-label=\"\" role=\"img\" ><\/div>\n\t\t\t\t\t\t\t\t\t\t\t<div class=\"elementor-gallery-item__overlay\"><\/div>\n\t\t\t\t\t\t\t\t\t\t\t\t\t\t<\/a>\n\t\t\t\t\t<\/div>\n\t\t\t\t\t<\/div>\n\t\t\t\t<\/div>\n\t\t\t\t<\/div>\n\t\t<div class=\"elementor-element elementor-element-3009c94 e-con-full e-flex elementor-invisible e-con e-child\" data-id=\"3009c94\" data-element_type=\"container\" data-settings=\"{&quot;animation&quot;:&quot;fadeInUp&quot;,&quot;animation_delay&quot;:300}\">\n\t\t\t\t<div class=\"elementor-element elementor-element-3e61d2a elementor-widget elementor-widget-heading\" data-id=\"3e61d2a\" data-element_type=\"widget\" data-widget_type=\"heading.default\">\n\t\t\t\t<div class=\"elementor-widget-container\">\n\t\t\t\t\t<h2 class=\"elementor-heading-title elementor-size-default\">Nordic walking<\/h2>\t\t\t\t<\/div>\n\t\t\t\t<\/div>\n\t\t\t\t<div class=\"elementor-element elementor-element-02e8761 elementor-widget elementor-widget-text-editor\" data-id=\"02e8761\" data-element_type=\"widget\" data-widget_type=\"text-editor.default\">\n\t\t\t\t<div class=\"elementor-widget-container\">\n\t\t\t\t\t\t\t\t\t<p>In Krapinske Toplice gibt es zahlreiche Wanderwege, die Sie in die umliegenden H\u00fcgel f\u00fchren. Wenn Sie sich f\u00fcr einen aktiven Urlaub interessieren, empfehlen wir Nordic Walking auf jeden Fall. Aufgrund seiner positiven Wirkung auf die Gesundheit erfreut sich diese Freizeitbesch\u00e4ftigung in letzter Zeit immer gr\u00f6\u00dferer Beliebtheit. Durch Nordic Walking st\u00e4rken Sie Ihre R\u00fcckenmuskulatur, regulieren den Druck, lindern Schmerzen in der Lendenwirbels\u00e4ule, reduzieren Schmerzen und Belastungen an H\u00fcfte, Knie, Kn\u00f6chel, Fu\u00dfgelenken &#8230; Zus\u00e4tzlich zu all den oben genannten Vorteilen gibt es auch das Gef\u00fchl, in Die Natur mit dem Zwitschern der V\u00f6gel hilft Ihnen, Stress abzubauen und neue Energie zu tanken. Sie m\u00fcssen sich lediglich an die Hotelrezeption wenden, St\u00f6cke mieten und unsere Mitarbeiter beraten Sie entsprechend Ihren W\u00fcnschen, wo Sie am besten hingehen k\u00f6nnen.<\/p>\t\t\t\t\t\t\t\t<\/div>\n\t\t\t\t<\/div>\n\t\t\t\t<\/div>\n\t\t\t\t\t<\/div>\n\t\t\t\t<\/div>\n\t\t\t\t<\/div>\n\t\t","protected":false},"excerpt":{"rendered":"<p>Nordic walking In Krapinske Toplice gibt es zahlreiche Wanderwege, die Sie in die umliegenden H\u00fcgel f\u00fchren. Wenn Sie sich f\u00fcr einen aktiven Urlaub interessieren, empfehlen wir Nordic Walking auf jeden Fall. Aufgrund seiner positiven Wirkung auf die Gesundheit erfreut sich diese Freizeitbesch\u00e4ftigung in letzter Zeit immer gr\u00f6\u00dferer Beliebtheit. Durch Nordic Walking st\u00e4rken Sie Ihre R\u00fcckenmuskulatur, [&hellip;]<\/p>\n","protected":false},"author":3,"featured_media":0,"parent":0,"menu_order":0,"comment_status":"closed","ping_status":"closed","template":"","meta":{"footnotes":""},"class_list":["post-5784","page","type-page","status-publish","hentry"],"_links":{"self":[{"href":"https:\/\/www.villa-magdalena.net\/de\/wp-json\/wp\/v2\/pages\/5784","targetHints":{"allow":["GET"]}}],"collection":[{"href":"https:\/\/www.villa-magdalena.net\/de\/wp-json\/wp\/v2\/pages"}],"about":[{"href":"https:\/\/www.villa-magdalena.net\/de\/wp-json\/wp\/v2\/types\/page"}],"author":[{"embeddable":true,"href":"https:\/\/www.villa-magdalena.net\/de\/wp-json\/wp\/v2\/users\/3"}],"replies":[{"embeddable":true,"href":"https:\/\/www.villa-magdalena.net\/de\/wp-json\/wp\/v2\/comments?post=5784"}],"version-history":[{"count":4,"href":"https:\/\/www.villa-magdalena.net\/de\/wp-json\/wp\/v2\/pages\/5784\/revisions"}],"predecessor-version":[{"id":14954,"href":"https:\/\/www.villa-magdalena.net\/de\/wp-json\/wp\/v2\/pages\/5784\/revisions\/14954"}],"wp:attachment":[{"href":"https:\/\/www.villa-magdalena.net\/de\/wp-json\/wp\/v2\/media?parent=5784"}],"curies":[{"name":"wp","href":"https:\/\/api.w.org\/{rel}","templated":true}]}}