{"id":5791,"date":"2018-04-29T11:03:36","date_gmt":"2018-04-29T11:03:36","guid":{"rendered":"https:\/\/new.villa-magdalena.net\/?page_id=5791\/"},"modified":"2024-10-15T10:56:38","modified_gmt":"2024-10-15T10:56:38","slug":"pooltauchen","status":"publish","type":"page","link":"https:\/\/www.villa-magdalena.net\/de\/pooltauchen\/","title":{"rendered":"Pooltauchen"},"content":{"rendered":"\t\t<div data-elementor-type=\"wp-page\" data-elementor-id=\"5791\" class=\"elementor elementor-5791 elementor-1761\" data-elementor-post-type=\"page\">\n\t\t\t\t<div class=\"elementor-element elementor-element-36c95c1 e-flex e-con-boxed e-con e-parent\" data-id=\"36c95c1\" data-element_type=\"container\" data-settings=\"{&quot;background_background&quot;:&quot;gradient&quot;}\">\n\t\t\t\t\t<div class=\"e-con-inner\">\n\t\t<div class=\"elementor-element elementor-element-79a1aa8 e-con-full e-flex elementor-invisible e-con e-child\" data-id=\"79a1aa8\" data-element_type=\"container\" data-settings=\"{&quot;animation&quot;:&quot;fadeInUp&quot;,&quot;animation_delay&quot;:100}\">\n\t\t\t\t<div class=\"elementor-element elementor-element-ef1a8b4 elementor-widget elementor-widget-gallery\" data-id=\"ef1a8b4\" data-element_type=\"widget\" data-settings=\"{&quot;gallery_layout&quot;:&quot;masonry&quot;,&quot;columns&quot;:2,&quot;columns_mobile&quot;:2,&quot;lazyload&quot;:&quot;yes&quot;,&quot;columns_tablet&quot;:2,&quot;gap&quot;:{&quot;unit&quot;:&quot;px&quot;,&quot;size&quot;:10,&quot;sizes&quot;:[]},&quot;gap_tablet&quot;:{&quot;unit&quot;:&quot;px&quot;,&quot;size&quot;:10,&quot;sizes&quot;:[]},&quot;gap_mobile&quot;:{&quot;unit&quot;:&quot;px&quot;,&quot;size&quot;:10,&quot;sizes&quot;:[]},&quot;link_to&quot;:&quot;file&quot;,&quot;overlay_background&quot;:&quot;yes&quot;,&quot;content_hover_animation&quot;:&quot;fade-in&quot;}\" data-widget_type=\"gallery.default\">\n\t\t\t\t<div class=\"elementor-widget-container\">\n\t\t\t\t\t\t\t<div class=\"elementor-gallery__container\">\n\t\t\t\t\t\t\t<a class=\"e-gallery-item elementor-gallery-item elementor-animated-content\" href=\"https:\/\/www.villa-magdalena.net\/wp-content\/uploads\/aquae-vivae-14-1024x683-2-1-1.jpeg\" data-elementor-open-lightbox=\"yes\" data-elementor-lightbox-slideshow=\"ef1a8b4\" data-elementor-lightbox-title=\"aquae-vivae-14-1024x683-2-1.jpeg\" data-e-action-hash=\"#elementor-action%3Aaction%3Dlightbox%26settings%3DeyJpZCI6MTQ5NzIsInVybCI6Imh0dHBzOlwvXC93d3cudmlsbGEtbWFnZGFsZW5hLm5ldFwvd3AtY29udGVudFwvdXBsb2Fkc1wvYXF1YWUtdml2YWUtMTQtMTAyNHg2ODMtMi0xLTEuanBlZyIsInNsaWRlc2hvdyI6ImVmMWE4YjQifQ%3D%3D\">\n\t\t\t\t\t<div class=\"e-gallery-image elementor-gallery-item__image\" data-thumbnail=\"https:\/\/www.villa-magdalena.net\/wp-content\/uploads\/aquae-vivae-14-1024x683-2-1-1-768x512.jpeg\" data-width=\"768\" data-height=\"512\" aria-label=\"\" role=\"img\" ><\/div>\n\t\t\t\t\t\t\t\t\t\t\t<div class=\"elementor-gallery-item__overlay\"><\/div>\n\t\t\t\t\t\t\t\t\t\t\t\t\t\t<\/a>\n\t\t\t\t\t\t\t<a class=\"e-gallery-item elementor-gallery-item elementor-animated-content\" href=\"https:\/\/www.villa-magdalena.net\/wp-content\/uploads\/aquae-vivae-11-1-1024x683-2-1-1.jpeg\" data-elementor-open-lightbox=\"yes\" data-elementor-lightbox-slideshow=\"ef1a8b4\" data-elementor-lightbox-title=\"aquae-vivae-11-1-1024x683-2-1.jpeg\" data-e-action-hash=\"#elementor-action%3Aaction%3Dlightbox%26settings%3DeyJpZCI6MTQ5NzgsInVybCI6Imh0dHBzOlwvXC93d3cudmlsbGEtbWFnZGFsZW5hLm5ldFwvd3AtY29udGVudFwvdXBsb2Fkc1wvYXF1YWUtdml2YWUtMTEtMS0xMDI0eDY4My0yLTEtMS5qcGVnIiwic2xpZGVzaG93IjoiZWYxYThiNCJ9\">\n\t\t\t\t\t<div class=\"e-gallery-image elementor-gallery-item__image\" data-thumbnail=\"https:\/\/www.villa-magdalena.net\/wp-content\/uploads\/aquae-vivae-11-1-1024x683-2-1-1-768x512.jpeg\" data-width=\"768\" data-height=\"512\" aria-label=\"\" role=\"img\" ><\/div>\n\t\t\t\t\t\t\t\t\t\t\t<div class=\"elementor-gallery-item__overlay\"><\/div>\n\t\t\t\t\t\t\t\t\t\t\t\t\t\t<\/a>\n\t\t\t\t\t<\/div>\n\t\t\t\t\t<\/div>\n\t\t\t\t<\/div>\n\t\t\t\t<\/div>\n\t\t<div class=\"elementor-element elementor-element-e1adf6e e-con-full e-flex elementor-invisible e-con e-child\" data-id=\"e1adf6e\" data-element_type=\"container\" data-settings=\"{&quot;animation&quot;:&quot;fadeInUp&quot;,&quot;animation_delay&quot;:300}\">\n\t\t\t\t<div class=\"elementor-element elementor-element-b8fcb16 elementor-widget elementor-widget-heading\" data-id=\"b8fcb16\" data-element_type=\"widget\" data-widget_type=\"heading.default\">\n\t\t\t\t<div class=\"elementor-widget-container\">\n\t\t\t\t\t<h2 class=\"elementor-heading-title elementor-size-default\">Pooltauchen<\/h2>\t\t\t\t<\/div>\n\t\t\t\t<\/div>\n\t\t\t\t<div class=\"elementor-element elementor-element-b82a6bc elementor-widget elementor-widget-text-editor\" data-id=\"b82a6bc\" data-element_type=\"widget\" data-widget_type=\"text-editor.default\">\n\t\t\t\t<div class=\"elementor-widget-container\">\n\t\t\t\t\t\t\t\t\t<p>Tauchen ist eine Aktivit\u00e4t, die ein hohes Ma\u00df an Selbstdisziplin und Konzentration sowie fachkundige Anleitung erfordert. Es ist sehr wichtig, einen guten Tauchlehrer zu haben, der dem Sch\u00fcler alle notwendigen F\u00e4higkeiten vermitteln kann. Erfahrung im Tauchen st\u00f6\u00dft an die Grenzen der eigenen F\u00e4higkeiten und der Mensch wird zufriedener.<\/p><p>Tauchen ist keine einsame Aktivit\u00e4t. Aus Sicherheitsgr\u00fcnden wird immer im Team oder zumindest zu zweit getaucht. Der Taucher wird an seinen Partner verwiesen, der ihm jederzeit helfen kann. Deshalb werden spezielle Schulungen durchgef\u00fchrt, die neben fachlichem und pr\u00e4zisem Wissen auch die Entwicklung von Solidarit\u00e4t und F\u00fcrsorge f\u00fcr andere umfassen, Werte, ohne die die Gesellschaft nicht \u00fcberleben kann. Auf diese Weise entwickeln wir Empathie und Gemeinschaftsgef\u00fchl bei jungen Menschen.<\/p><p>Mit der Weiterentwicklung der Technologie ist Tauchen zu einer beliebten und relativ leicht zug\u00e4nglichen Aktivit\u00e4t geworden.<\/p><p>Im Hotel Villa Magdalena k\u00f6nnen Sie einen Entdeckungstauchgang in einem 5 m tiefen Tauchbecken (inklusive Vorbereitung, Ausr\u00fcstung und Tauchgang), ein Apnoe-Tauchprogramm mit professioneller Unterst\u00fctzung oder einen lizenzierten OWD-Kurs \u00fcber 4 Tage und 3 Stunden vereinbaren. Das Tauchen findet in den Becken des Wasserparks Aquae Vivae statt.<\/p>\t\t\t\t\t\t\t\t<\/div>\n\t\t\t\t<\/div>\n\t\t\t\t<\/div>\n\t\t\t\t\t<\/div>\n\t\t\t\t<\/div>\n\t\t\t\t<\/div>\n\t\t","protected":false},"excerpt":{"rendered":"<p>Pooltauchen Tauchen ist eine Aktivit\u00e4t, die ein hohes Ma\u00df an Selbstdisziplin und Konzentration sowie fachkundige Anleitung erfordert. Es ist sehr wichtig, einen guten Tauchlehrer zu haben, der dem Sch\u00fcler alle notwendigen F\u00e4higkeiten vermitteln kann. Erfahrung im Tauchen st\u00f6\u00dft an die Grenzen der eigenen F\u00e4higkeiten und der Mensch wird zufriedener. Tauchen ist keine einsame Aktivit\u00e4t. Aus [&hellip;]<\/p>\n","protected":false},"author":3,"featured_media":0,"parent":0,"menu_order":0,"comment_status":"closed","ping_status":"open","template":"","meta":{"footnotes":""},"class_list":["post-5791","page","type-page","status-publish","hentry"],"_links":{"self":[{"href":"https:\/\/www.villa-magdalena.net\/de\/wp-json\/wp\/v2\/pages\/5791","targetHints":{"allow":["GET"]}}],"collection":[{"href":"https:\/\/www.villa-magdalena.net\/de\/wp-json\/wp\/v2\/pages"}],"about":[{"href":"https:\/\/www.villa-magdalena.net\/de\/wp-json\/wp\/v2\/types\/page"}],"author":[{"embeddable":true,"href":"https:\/\/www.villa-magdalena.net\/de\/wp-json\/wp\/v2\/users\/3"}],"replies":[{"embeddable":true,"href":"https:\/\/www.villa-magdalena.net\/de\/wp-json\/wp\/v2\/comments?post=5791"}],"version-history":[{"count":4,"href":"https:\/\/www.villa-magdalena.net\/de\/wp-json\/wp\/v2\/pages\/5791\/revisions"}],"predecessor-version":[{"id":14990,"href":"https:\/\/www.villa-magdalena.net\/de\/wp-json\/wp\/v2\/pages\/5791\/revisions\/14990"}],"wp:attachment":[{"href":"https:\/\/www.villa-magdalena.net\/de\/wp-json\/wp\/v2\/media?parent=5791"}],"curies":[{"name":"wp","href":"https:\/\/api.w.org\/{rel}","templated":true}]}}