{"id":749,"date":"2015-05-13T06:41:27","date_gmt":"2015-05-13T06:41:27","guid":{"rendered":"https:\/\/new.villa-magdalena.net\/?page_id=749"},"modified":"2026-05-07T11:31:59","modified_gmt":"2026-05-07T11:31:59","slug":"wellness-preisliste","status":"publish","type":"page","link":"https:\/\/www.villa-magdalena.net\/de\/wellness-preisliste\/","title":{"rendered":"Wellness Preisliste"},"content":{"rendered":"\t\t<div data-elementor-type=\"wp-page\" data-elementor-id=\"749\" class=\"elementor elementor-749 elementor-74\" data-elementor-post-type=\"page\">\n\t\t\t\t<div class=\"elementor-element elementor-element-8a55d74 e-flex e-con-boxed e-con e-parent\" data-id=\"8a55d74\" data-element_type=\"container\">\n\t\t\t\t\t<div class=\"e-con-inner\">\n\t\t\t\t<div class=\"elementor-element elementor-element-1ecf8c86 elementor-widget elementor-widget-text-editor\" data-id=\"1ecf8c86\" data-element_type=\"widget\" data-widget_type=\"text-editor.default\">\n\t\t\t\t<div class=\"elementor-widget-container\">\n\t\t\t\t\t\t\t\t\t<div class=\"highlight\"><h6>ANKUNFT IM WELLNESS SPA CENTER<\/h6><p>Bitte kommen Sie 15 Minuten vor Beginn des Gottesdienstes ins Wellness Spa Center. Im Falle einer Verz\u00f6gerung k\u00f6nnen wir die Dauer der Dienstleistung leider nicht verl\u00e4ngern.<\/p><h6>K\u00dcNDIGUNG DES DIENSTES<\/h6><p>Der Service muss mindestens 12 Stunden vor Beginn storniert werden. Wenn Sie die reservierte Leistung nicht stornieren, berechnen wir den vollen Preis.<\/p><h6>ZAHLUNG<\/h6><p>Die Zahlung ist f\u00fcr alle G\u00e4ste in bar oder per Kreditkarte m\u00f6glich, f\u00fcr G\u00e4ste, die im Hotel \u00fcbernachten, auf das Zimmerkonto.<\/p><h6>ARBEITSZEIT<\/h6><p>Das Wellness-Spa-Center ist von 9:00 bis 21:30 Uhr ge\u00f6ffnet. Wir behalten uns das Recht vor, die Arbeitszeiten zu \u00e4ndern.<\/p><h6>GESCHENKGUTSCHEIN<\/h6><p>Schenken Sie anderen das, was Sie selbst gerne h\u00e4tten: ein Geschenk f\u00fcr K\u00f6rper und Seele. Geschenkgutscheine und Gutscheine erhalten Sie an der Rezeption des Hotel Villa Magdalena.<\/p><h6>INFORMATION<\/h6><p>Unsere Mitarbeiter stehen Ihnen unter der Telefonnummer (049) 233 333 oder per E-Mail an wellness@www.villa-magdalena.net zur Verf\u00fcgung.<\/p><\/div><div class=\"highlight\"><p class=\"highlightPrice\">\u00a0<\/p><\/div><div class=\"highlight\">\u00a0<\/div><div class=\"highlight\"><p class=\"highlightPrice\">\u00a0<\/p><\/div>\t\t\t\t\t\t\t\t<\/div>\n\t\t\t\t<\/div>\n\t\t\t\t\t<\/div>\n\t\t\t\t<\/div>\n\t\t<div class=\"elementor-element elementor-element-02fb1c8 e-grid e-con-boxed e-con e-parent\" data-id=\"02fb1c8\" data-element_type=\"container\">\n\t\t\t\t\t<div class=\"e-con-inner\">\n\t\t\t\t<div class=\"elementor-element elementor-element-b09fbea elementor-widget elementor-widget-image\" data-id=\"b09fbea\" data-element_type=\"widget\" data-widget_type=\"image.default\">\n\t\t\t\t<div class=\"elementor-widget-container\">\n\t\t\t\t\t\t\t\t\t\t\t\t\t\t\t<img fetchpriority=\"high\" decoding=\"async\" width=\"724\" height=\"1024\" src=\"https:\/\/www.villa-magdalena.net\/wp-content\/uploads\/1-2-724x1024.png\" class=\"attachment-large size-large wp-image-16328\" alt=\"\" srcset=\"https:\/\/www.villa-magdalena.net\/wp-content\/uploads\/1-2-724x1024.png 724w, https:\/\/www.villa-magdalena.net\/wp-content\/uploads\/1-2-212x300.png 212w, https:\/\/www.villa-magdalena.net\/wp-content\/uploads\/1-2-768x1086.png 768w, https:\/\/www.villa-magdalena.net\/wp-content\/uploads\/1-2-1086x1536.png 1086w, https:\/\/www.villa-magdalena.net\/wp-content\/uploads\/1-2.png 1414w\" sizes=\"(max-width: 724px) 100vw, 724px\" \/>\t\t\t\t\t\t\t\t\t\t\t\t\t\t\t<\/div>\n\t\t\t\t<\/div>\n\t\t\t\t<div class=\"elementor-element elementor-element-8e42167 elementor-widget elementor-widget-image\" data-id=\"8e42167\" data-element_type=\"widget\" data-widget_type=\"image.default\">\n\t\t\t\t<div class=\"elementor-widget-container\">\n\t\t\t\t\t\t\t\t\t\t\t\t\t\t\t<img decoding=\"async\" width=\"724\" height=\"1024\" src=\"https:\/\/www.villa-magdalena.net\/wp-content\/uploads\/2-2-724x1024.png\" class=\"attachment-large size-large wp-image-16334\" alt=\"\" srcset=\"https:\/\/www.villa-magdalena.net\/wp-content\/uploads\/2-2-724x1024.png 724w, https:\/\/www.villa-magdalena.net\/wp-content\/uploads\/2-2-212x300.png 212w, https:\/\/www.villa-magdalena.net\/wp-content\/uploads\/2-2-768x1086.png 768w, https:\/\/www.villa-magdalena.net\/wp-content\/uploads\/2-2-1086x1536.png 1086w, https:\/\/www.villa-magdalena.net\/wp-content\/uploads\/2-2.png 1414w\" sizes=\"(max-width: 724px) 100vw, 724px\" \/>\t\t\t\t\t\t\t\t\t\t\t\t\t\t\t<\/div>\n\t\t\t\t<\/div>\n\t\t\t\t<div class=\"elementor-element elementor-element-e4d657b elementor-widget elementor-widget-image\" data-id=\"e4d657b\" data-element_type=\"widget\" data-widget_type=\"image.default\">\n\t\t\t\t<div class=\"elementor-widget-container\">\n\t\t\t\t\t\t\t\t\t\t\t\t\t\t\t<img decoding=\"async\" width=\"724\" height=\"1024\" src=\"https:\/\/www.villa-magdalena.net\/wp-content\/uploads\/13-1-724x1024.jpg\" class=\"attachment-large size-large wp-image-15456\" alt=\"\" srcset=\"https:\/\/www.villa-magdalena.net\/wp-content\/uploads\/13-1-724x1024.jpg 724w, https:\/\/www.villa-magdalena.net\/wp-content\/uploads\/13-1-212x300.jpg 212w, https:\/\/www.villa-magdalena.net\/wp-content\/uploads\/13-1-768x1086.jpg 768w, https:\/\/www.villa-magdalena.net\/wp-content\/uploads\/13-1-1086x1536.jpg 1086w, https:\/\/www.villa-magdalena.net\/wp-content\/uploads\/13-1.jpg 1414w\" sizes=\"(max-width: 724px) 100vw, 724px\" \/>\t\t\t\t\t\t\t\t\t\t\t\t\t\t\t<\/div>\n\t\t\t\t<\/div>\n\t\t\t\t<div class=\"elementor-element elementor-element-12391cf elementor-widget elementor-widget-image\" data-id=\"12391cf\" data-element_type=\"widget\" data-widget_type=\"image.default\">\n\t\t\t\t<div class=\"elementor-widget-container\">\n\t\t\t\t\t\t\t\t\t\t\t\t\t\t\t<img loading=\"lazy\" decoding=\"async\" width=\"724\" height=\"1024\" src=\"https:\/\/www.villa-magdalena.net\/wp-content\/uploads\/14-1-724x1024.jpg\" class=\"attachment-large size-large wp-image-15462\" alt=\"\" srcset=\"https:\/\/www.villa-magdalena.net\/wp-content\/uploads\/14-1-724x1024.jpg 724w, https:\/\/www.villa-magdalena.net\/wp-content\/uploads\/14-1-212x300.jpg 212w, https:\/\/www.villa-magdalena.net\/wp-content\/uploads\/14-1-768x1086.jpg 768w, https:\/\/www.villa-magdalena.net\/wp-content\/uploads\/14-1-1086x1536.jpg 1086w, https:\/\/www.villa-magdalena.net\/wp-content\/uploads\/14-1.jpg 1414w\" sizes=\"(max-width: 724px) 100vw, 724px\" \/>\t\t\t\t\t\t\t\t\t\t\t\t\t\t\t<\/div>\n\t\t\t\t<\/div>\n\t\t\t\t\t<\/div>\n\t\t\t\t<\/div>\n\t\t<div class=\"elementor-element elementor-element-3af9c1e e-grid e-con-boxed e-con e-parent\" data-id=\"3af9c1e\" data-element_type=\"container\">\n\t\t\t\t\t<div class=\"e-con-inner\">\n\t\t\t\t<div class=\"elementor-element elementor-element-ff81ae3 elementor-widget elementor-widget-image\" data-id=\"ff81ae3\" data-element_type=\"widget\" data-widget_type=\"image.default\">\n\t\t\t\t<div class=\"elementor-widget-container\">\n\t\t\t\t\t\t\t\t\t\t\t\t\t\t\t<img loading=\"lazy\" decoding=\"async\" width=\"724\" height=\"1024\" src=\"https:\/\/www.villa-magdalena.net\/wp-content\/uploads\/15-1-724x1024.jpg\" class=\"attachment-large size-large wp-image-15468\" alt=\"\" srcset=\"https:\/\/www.villa-magdalena.net\/wp-content\/uploads\/15-1-724x1024.jpg 724w, https:\/\/www.villa-magdalena.net\/wp-content\/uploads\/15-1-212x300.jpg 212w, https:\/\/www.villa-magdalena.net\/wp-content\/uploads\/15-1-768x1086.jpg 768w, https:\/\/www.villa-magdalena.net\/wp-content\/uploads\/15-1-1086x1536.jpg 1086w, https:\/\/www.villa-magdalena.net\/wp-content\/uploads\/15-1.jpg 1414w\" sizes=\"(max-width: 724px) 100vw, 724px\" \/>\t\t\t\t\t\t\t\t\t\t\t\t\t\t\t<\/div>\n\t\t\t\t<\/div>\n\t\t\t\t<div class=\"elementor-element elementor-element-d58fc82 elementor-widget elementor-widget-image\" data-id=\"d58fc82\" data-element_type=\"widget\" data-widget_type=\"image.default\">\n\t\t\t\t<div class=\"elementor-widget-container\">\n\t\t\t\t\t\t\t\t\t\t\t\t\t\t\t<img loading=\"lazy\" decoding=\"async\" width=\"724\" height=\"1024\" src=\"https:\/\/www.villa-magdalena.net\/wp-content\/uploads\/16-1-724x1024.jpg\" class=\"attachment-large size-large wp-image-15474\" alt=\"\" srcset=\"https:\/\/www.villa-magdalena.net\/wp-content\/uploads\/16-1-724x1024.jpg 724w, https:\/\/www.villa-magdalena.net\/wp-content\/uploads\/16-1-212x300.jpg 212w, https:\/\/www.villa-magdalena.net\/wp-content\/uploads\/16-1-768x1086.jpg 768w, https:\/\/www.villa-magdalena.net\/wp-content\/uploads\/16-1-1086x1536.jpg 1086w, https:\/\/www.villa-magdalena.net\/wp-content\/uploads\/16-1.jpg 1414w\" sizes=\"(max-width: 724px) 100vw, 724px\" \/>\t\t\t\t\t\t\t\t\t\t\t\t\t\t\t<\/div>\n\t\t\t\t<\/div>\n\t\t\t\t<div class=\"elementor-element elementor-element-d2d04df elementor-widget elementor-widget-image\" data-id=\"d2d04df\" data-element_type=\"widget\" data-widget_type=\"image.default\">\n\t\t\t\t<div class=\"elementor-widget-container\">\n\t\t\t\t\t\t\t\t\t\t\t\t\t\t\t<img loading=\"lazy\" decoding=\"async\" width=\"724\" height=\"1024\" src=\"https:\/\/www.villa-magdalena.net\/wp-content\/uploads\/17-1-724x1024.jpg\" class=\"attachment-large size-large wp-image-15480\" alt=\"\" srcset=\"https:\/\/www.villa-magdalena.net\/wp-content\/uploads\/17-1-724x1024.jpg 724w, https:\/\/www.villa-magdalena.net\/wp-content\/uploads\/17-1-212x300.jpg 212w, https:\/\/www.villa-magdalena.net\/wp-content\/uploads\/17-1-768x1086.jpg 768w, https:\/\/www.villa-magdalena.net\/wp-content\/uploads\/17-1-1086x1536.jpg 1086w, https:\/\/www.villa-magdalena.net\/wp-content\/uploads\/17-1.jpg 1414w\" sizes=\"(max-width: 724px) 100vw, 724px\" \/>\t\t\t\t\t\t\t\t\t\t\t\t\t\t\t<\/div>\n\t\t\t\t<\/div>\n\t\t\t\t<div class=\"elementor-element elementor-element-4dd4a69 elementor-widget elementor-widget-image\" data-id=\"4dd4a69\" data-element_type=\"widget\" data-widget_type=\"image.default\">\n\t\t\t\t<div class=\"elementor-widget-container\">\n\t\t\t\t\t\t\t\t\t\t\t\t\t\t\t<img loading=\"lazy\" decoding=\"async\" width=\"724\" height=\"1024\" src=\"https:\/\/www.villa-magdalena.net\/wp-content\/uploads\/8-3-724x1024.png\" class=\"attachment-large size-large wp-image-16370\" alt=\"\" srcset=\"https:\/\/www.villa-magdalena.net\/wp-content\/uploads\/8-3-724x1024.png 724w, https:\/\/www.villa-magdalena.net\/wp-content\/uploads\/8-3-212x300.png 212w, https:\/\/www.villa-magdalena.net\/wp-content\/uploads\/8-3-768x1086.png 768w, https:\/\/www.villa-magdalena.net\/wp-content\/uploads\/8-3-1086x1536.png 1086w, https:\/\/www.villa-magdalena.net\/wp-content\/uploads\/8-3.png 1414w\" sizes=\"(max-width: 724px) 100vw, 724px\" \/>\t\t\t\t\t\t\t\t\t\t\t\t\t\t\t<\/div>\n\t\t\t\t<\/div>\n\t\t\t\t\t<\/div>\n\t\t\t\t<\/div>\n\t\t<div class=\"elementor-element elementor-element-814efde e-grid e-con-boxed e-con e-parent\" data-id=\"814efde\" data-element_type=\"container\">\n\t\t\t\t\t<div class=\"e-con-inner\">\n\t\t\t\t<div class=\"elementor-element elementor-element-d3c6a0d elementor-widget elementor-widget-image\" data-id=\"d3c6a0d\" data-element_type=\"widget\" data-widget_type=\"image.default\">\n\t\t\t\t<div class=\"elementor-widget-container\">\n\t\t\t\t\t\t\t\t\t\t\t\t\t\t\t<img loading=\"lazy\" decoding=\"async\" width=\"724\" height=\"1024\" src=\"https:\/\/www.villa-magdalena.net\/wp-content\/uploads\/19-1-724x1024.jpg\" class=\"attachment-large size-large wp-image-15492\" alt=\"\" srcset=\"https:\/\/www.villa-magdalena.net\/wp-content\/uploads\/19-1-724x1024.jpg 724w, https:\/\/www.villa-magdalena.net\/wp-content\/uploads\/19-1-212x300.jpg 212w, https:\/\/www.villa-magdalena.net\/wp-content\/uploads\/19-1-768x1086.jpg 768w, https:\/\/www.villa-magdalena.net\/wp-content\/uploads\/19-1-1086x1536.jpg 1086w, https:\/\/www.villa-magdalena.net\/wp-content\/uploads\/19-1.jpg 1414w\" sizes=\"(max-width: 724px) 100vw, 724px\" \/>\t\t\t\t\t\t\t\t\t\t\t\t\t\t\t<\/div>\n\t\t\t\t<\/div>\n\t\t\t\t<div class=\"elementor-element elementor-element-f7e3d34 elementor-widget elementor-widget-image\" data-id=\"f7e3d34\" data-element_type=\"widget\" data-widget_type=\"image.default\">\n\t\t\t\t<div class=\"elementor-widget-container\">\n\t\t\t\t\t\t\t\t\t\t\t\t\t\t\t<img loading=\"lazy\" decoding=\"async\" width=\"724\" height=\"1024\" src=\"https:\/\/www.villa-magdalena.net\/wp-content\/uploads\/20-1-724x1024.jpg\" class=\"attachment-large size-large wp-image-15498\" alt=\"\" srcset=\"https:\/\/www.villa-magdalena.net\/wp-content\/uploads\/20-1-724x1024.jpg 724w, https:\/\/www.villa-magdalena.net\/wp-content\/uploads\/20-1-212x300.jpg 212w, https:\/\/www.villa-magdalena.net\/wp-content\/uploads\/20-1-768x1086.jpg 768w, https:\/\/www.villa-magdalena.net\/wp-content\/uploads\/20-1-1086x1536.jpg 1086w, https:\/\/www.villa-magdalena.net\/wp-content\/uploads\/20-1.jpg 1414w\" sizes=\"(max-width: 724px) 100vw, 724px\" \/>\t\t\t\t\t\t\t\t\t\t\t\t\t\t\t<\/div>\n\t\t\t\t<\/div>\n\t\t\t\t\t<\/div>\n\t\t\t\t<\/div>\n\t\t\t\t<\/div>\n\t\t","protected":false},"excerpt":{"rendered":"<p>ANKUNFT IM WELLNESS SPA CENTER Bitte kommen Sie 15 Minuten vor Beginn des Gottesdienstes ins Wellness Spa Center. Im Falle einer Verz\u00f6gerung k\u00f6nnen wir die Dauer der Dienstleistung leider nicht verl\u00e4ngern. K\u00dcNDIGUNG DES DIENSTES Der Service muss mindestens 12 Stunden vor Beginn storniert werden. Wenn Sie die reservierte Leistung nicht stornieren, berechnen wir den vollen [&hellip;]<\/p>\n","protected":false},"author":1,"featured_media":0,"parent":0,"menu_order":0,"comment_status":"closed","ping_status":"open","template":"","meta":{"footnotes":""},"class_list":["post-749","page","type-page","status-publish","hentry"],"_links":{"self":[{"href":"https:\/\/www.villa-magdalena.net\/de\/wp-json\/wp\/v2\/pages\/749","targetHints":{"allow":["GET"]}}],"collection":[{"href":"https:\/\/www.villa-magdalena.net\/de\/wp-json\/wp\/v2\/pages"}],"about":[{"href":"https:\/\/www.villa-magdalena.net\/de\/wp-json\/wp\/v2\/types\/page"}],"author":[{"embeddable":true,"href":"https:\/\/www.villa-magdalena.net\/de\/wp-json\/wp\/v2\/users\/1"}],"replies":[{"embeddable":true,"href":"https:\/\/www.villa-magdalena.net\/de\/wp-json\/wp\/v2\/comments?post=749"}],"version-history":[{"count":22,"href":"https:\/\/www.villa-magdalena.net\/de\/wp-json\/wp\/v2\/pages\/749\/revisions"}],"predecessor-version":[{"id":16391,"href":"https:\/\/www.villa-magdalena.net\/de\/wp-json\/wp\/v2\/pages\/749\/revisions\/16391"}],"wp:attachment":[{"href":"https:\/\/www.villa-magdalena.net\/de\/wp-json\/wp\/v2\/media?parent=749"}],"curies":[{"name":"wp","href":"https:\/\/api.w.org\/{rel}","templated":true}]}}