{"id":1863,"date":"2015-09-16T08:46:05","date_gmt":"2015-09-16T08:46:05","guid":{"rendered":"https:\/\/new.villa-magdalena.net\/?page_id=1863"},"modified":"2024-10-11T12:22:20","modified_gmt":"2024-10-11T12:22:20","slug":"pespoti","status":"publish","type":"page","link":"https:\/\/www.villa-magdalena.net\/sl\/pespoti\/","title":{"rendered":"Pe\u0161poti"},"content":{"rendered":"\t\t<div data-elementor-type=\"wp-page\" data-elementor-id=\"1863\" class=\"elementor elementor-1863 elementor-166\" data-elementor-post-type=\"page\">\n\t\t\t\t<div class=\"elementor-element elementor-element-e94459e e-flex e-con-boxed e-con e-parent\" data-id=\"e94459e\" data-element_type=\"container\" data-settings=\"{&quot;background_background&quot;:&quot;gradient&quot;}\">\n\t\t\t\t\t<div class=\"e-con-inner\">\n\t\t<div class=\"elementor-element elementor-element-abcab64 e-con-full e-flex elementor-invisible e-con e-child\" data-id=\"abcab64\" data-element_type=\"container\" data-settings=\"{&quot;animation&quot;:&quot;fadeInUp&quot;,&quot;animation_delay&quot;:100}\">\n\t\t\t\t<div class=\"elementor-element elementor-element-00ef548 elementor-widget elementor-widget-gallery\" data-id=\"00ef548\" data-element_type=\"widget\" data-settings=\"{&quot;gallery_layout&quot;:&quot;masonry&quot;,&quot;columns&quot;:2,&quot;columns_mobile&quot;:2,&quot;lazyload&quot;:&quot;yes&quot;,&quot;columns_tablet&quot;:2,&quot;gap&quot;:{&quot;unit&quot;:&quot;px&quot;,&quot;size&quot;:10,&quot;sizes&quot;:[]},&quot;gap_tablet&quot;:{&quot;unit&quot;:&quot;px&quot;,&quot;size&quot;:10,&quot;sizes&quot;:[]},&quot;gap_mobile&quot;:{&quot;unit&quot;:&quot;px&quot;,&quot;size&quot;:10,&quot;sizes&quot;:[]},&quot;link_to&quot;:&quot;file&quot;,&quot;overlay_background&quot;:&quot;yes&quot;,&quot;content_hover_animation&quot;:&quot;fade-in&quot;}\" data-widget_type=\"gallery.default\">\n\t\t\t\t<div class=\"elementor-widget-container\">\n\t\t\t\t\t\t\t<div class=\"elementor-gallery__container\">\n\t\t\t\t\t\t\t<a class=\"e-gallery-item elementor-gallery-item elementor-animated-content\" href=\"https:\/\/www.villa-magdalena.net\/wp-content\/uploads\/prsten-1.webp\" data-elementor-open-lightbox=\"yes\" data-elementor-lightbox-slideshow=\"00ef548\" data-elementor-lightbox-title=\"prsten.webp\" data-e-action-hash=\"#elementor-action%3Aaction%3Dlightbox%26settings%3DeyJpZCI6MTQ0NDUsInVybCI6Imh0dHBzOlwvXC93d3cudmlsbGEtbWFnZGFsZW5hLm5ldFwvd3AtY29udGVudFwvdXBsb2Fkc1wvcHJzdGVuLTEud2VicCIsInNsaWRlc2hvdyI6IjAwZWY1NDgifQ%3D%3D\">\n\t\t\t\t\t<div class=\"e-gallery-image elementor-gallery-item__image\" data-thumbnail=\"https:\/\/www.villa-magdalena.net\/wp-content\/uploads\/prsten-1-768x1074.webp\" data-width=\"768\" data-height=\"1074\" aria-label=\"\" role=\"img\" ><\/div>\n\t\t\t\t\t\t\t\t\t\t\t<div class=\"elementor-gallery-item__overlay\"><\/div>\n\t\t\t\t\t\t\t\t\t\t\t\t\t\t<\/a>\n\t\t\t\t\t\t\t<a class=\"e-gallery-item elementor-gallery-item elementor-animated-content\" href=\"https:\/\/www.villa-magdalena.net\/wp-content\/uploads\/View1-4-scaled-1.jpg\" data-elementor-open-lightbox=\"yes\" data-elementor-lightbox-slideshow=\"00ef548\" data-elementor-lightbox-title=\"View1-4-scaled.jpg\" data-e-action-hash=\"#elementor-action%3Aaction%3Dlightbox%26settings%3DeyJpZCI6MTQ0NTAsInVybCI6Imh0dHBzOlwvXC93d3cudmlsbGEtbWFnZGFsZW5hLm5ldFwvd3AtY29udGVudFwvdXBsb2Fkc1wvVmlldzEtNC1zY2FsZWQtMS5qcGciLCJzbGlkZXNob3ciOiIwMGVmNTQ4In0%3D\">\n\t\t\t\t\t<div class=\"e-gallery-image elementor-gallery-item__image\" data-thumbnail=\"https:\/\/www.villa-magdalena.net\/wp-content\/uploads\/View1-4-scaled-1-768x512.jpg\" data-width=\"768\" data-height=\"512\" aria-label=\"\" role=\"img\" ><\/div>\n\t\t\t\t\t\t\t\t\t\t\t<div class=\"elementor-gallery-item__overlay\"><\/div>\n\t\t\t\t\t\t\t\t\t\t\t\t\t\t<\/a>\n\t\t\t\t\t<\/div>\n\t\t\t\t\t<\/div>\n\t\t\t\t<\/div>\n\t\t\t\t<\/div>\n\t\t<div class=\"elementor-element elementor-element-c14d0ed e-con-full e-flex elementor-invisible e-con e-child\" data-id=\"c14d0ed\" data-element_type=\"container\" data-settings=\"{&quot;animation&quot;:&quot;fadeInUp&quot;,&quot;animation_delay&quot;:300}\">\n\t\t\t\t<div class=\"elementor-element elementor-element-bc1194f elementor-widget elementor-widget-heading\" data-id=\"bc1194f\" data-element_type=\"widget\" data-widget_type=\"heading.default\">\n\t\t\t\t<div class=\"elementor-widget-container\">\n\t\t\t\t\t<h2 class=\"elementor-heading-title elementor-size-default\">Pe\u0161poti<\/h2>\t\t\t\t<\/div>\n\t\t\t\t<\/div>\n\t\t\t\t<div class=\"elementor-element elementor-element-5bac2a4 elementor-widget elementor-widget-text-editor\" data-id=\"5bac2a4\" data-element_type=\"widget\" data-widget_type=\"text-editor.default\">\n\t\t\t\t<div class=\"elementor-widget-container\">\n\t\t\t\t\t\t\t\t\t<p>Polo\u017eni gri\u010di, ki obdajajo Krapinske Toplice, so prepredeni s \u0161tevilnimi potmi in stezami. Ko se sprehajate po zagorskih poteh, lahko zadihate na plju\u010da. Hoja po poteh prispeva k ohranjanju zdravja, izbolj\u0161anju telesne kondicije, prepre\u010devanju bolezni srca in o\u017eilja ter okrevanju (ob obveznem strokovnem zdravni\u0161kem nadzoru).<br \/>Glede na stopnjo obremenitve telesa sprehajalne poti delimo v tri osnovne skupine:<\/p><p>ZDRAVILSKE POTI &#8211; gibanje po teh poteh je prijeten sprehod, ki z ustreznim programom omogo\u010da obolelim ljudem, da obnovijo dolo\u010dene funkcionalne sposobnosti srca in o\u017eilja ter pridobijo navade za vzdr\u017eevanje obstoje\u010dih \u017eivljenjskih funkcij. Ob obveznem posvetu z zdravnikom jih lahko uporabljajo osebe z delno okvaro zdravja (bolniki s sr\u010dno-\u017eilnimi obolenji)<\/p><p>REKREACIJSKE POTI &#8211; poti za prosto gibanje in po\u010ditek, primerne za ohranjanje zdravja in prepre\u010devanje bolezni srca in o\u017eilja<\/p><p>TRIM STEZE &#8211; poti za dvig telesne kondicije zdravih ljudi. Poleg programa razteznih vaj hoja izbolj\u0161uje telesno pripravljenost in kopi\u010di rezervo telesne mo\u010di<\/p>\t\t\t\t\t\t\t\t<\/div>\n\t\t\t\t<\/div>\n\t\t\t\t<\/div>\n\t\t\t\t\t<\/div>\n\t\t\t\t<\/div>\n\t\t\t\t<\/div>\n\t\t","protected":false},"excerpt":{"rendered":"<p>Pe\u0161poti Polo\u017eni gri\u010di, ki obdajajo Krapinske Toplice, so prepredeni s \u0161tevilnimi potmi in stezami. Ko se sprehajate po zagorskih poteh, lahko zadihate na plju\u010da. Hoja po poteh prispeva k ohranjanju zdravja, izbolj\u0161anju telesne kondicije, prepre\u010devanju bolezni srca in o\u017eilja ter okrevanju (ob obveznem strokovnem zdravni\u0161kem nadzoru).Glede na stopnjo obremenitve telesa sprehajalne poti delimo v tri [&hellip;]<\/p>\n","protected":false},"author":1,"featured_media":0,"parent":0,"menu_order":0,"comment_status":"closed","ping_status":"open","template":"","meta":{"footnotes":""},"class_list":["post-1863","page","type-page","status-publish","hentry"],"_links":{"self":[{"href":"https:\/\/www.villa-magdalena.net\/sl\/wp-json\/wp\/v2\/pages\/1863","targetHints":{"allow":["GET"]}}],"collection":[{"href":"https:\/\/www.villa-magdalena.net\/sl\/wp-json\/wp\/v2\/pages"}],"about":[{"href":"https:\/\/www.villa-magdalena.net\/sl\/wp-json\/wp\/v2\/types\/page"}],"author":[{"embeddable":true,"href":"https:\/\/www.villa-magdalena.net\/sl\/wp-json\/wp\/v2\/users\/1"}],"replies":[{"embeddable":true,"href":"https:\/\/www.villa-magdalena.net\/sl\/wp-json\/wp\/v2\/comments?post=1863"}],"version-history":[{"count":5,"href":"https:\/\/www.villa-magdalena.net\/sl\/wp-json\/wp\/v2\/pages\/1863\/revisions"}],"predecessor-version":[{"id":14627,"href":"https:\/\/www.villa-magdalena.net\/sl\/wp-json\/wp\/v2\/pages\/1863\/revisions\/14627"}],"wp:attachment":[{"href":"https:\/\/www.villa-magdalena.net\/sl\/wp-json\/wp\/v2\/media?parent=1863"}],"curies":[{"name":"wp","href":"https:\/\/api.w.org\/{rel}","templated":true}]}}