{"id":491,"date":"2015-05-12T14:54:20","date_gmt":"2015-05-12T14:54:20","guid":{"rendered":"https:\/\/new.villa-magdalena.net\/?page_id=491"},"modified":"2024-10-11T12:40:19","modified_gmt":"2024-10-11T12:40:19","slug":"vinske-ceste","status":"publish","type":"page","link":"https:\/\/www.villa-magdalena.net\/sl\/vinske-ceste\/","title":{"rendered":"Vinske ceste"},"content":{"rendered":"\t\t<div data-elementor-type=\"wp-page\" data-elementor-id=\"491\" class=\"elementor elementor-491 elementor-139\" data-elementor-post-type=\"page\">\n\t\t\t\t<div class=\"elementor-element elementor-element-50737769 e-flex e-con-boxed e-con e-parent\" data-id=\"50737769\" data-element_type=\"container\">\n\t\t\t\t\t<div class=\"e-con-inner\">\n\t\t\t\t<div class=\"elementor-element elementor-element-54a817b1 elementor-widget elementor-widget-text-editor\" data-id=\"54a817b1\" data-element_type=\"widget\" data-widget_type=\"text-editor.default\">\n\t\t\t\t<div class=\"elementor-widget-container\">\n\t\t\t\t\t\t\t\t\t<h3>Vinske kleti<\/h3><p>Zagorje je obdarjeno z izvrstnimi naravnimi danostmi zato ni nenavadno, da se v teh krajih vinogradi obdelujejo \u017ee od nekdaj. Predstavljamo vam nekaj najbolj znanih vinarjev v Krapinsko-zagorski \u017eupaniji:<\/p><ul><li>Vinska klet \u00bbVuglec Breg\u00ab se nahaja v bli\u017eini Krapinskih Toplic na poti proti Krapini; obnovljena turisti\u010dna vas z avtenti\u010dnimi zagorskimi hi\u0161ami, vinogradi in vinsko kletjo. Ponujajo vrhunska vina in penine.<\/li><li>Vinska klet \u00bbVinski vrh\u00ab se nahaja na poti od Zlatar Bistrice do Novog Marofa v prelepi pokrajini z \u010dudovitimi razgledi. V sklopu kleti je na voljo vinoteka Libertin. Ponudba vin: rizling, sivi pinot, sauvignon, modri pinot, rumeni mu\u0161kat, traminec, gra\u0161evina, chardonnay<\/li><li>Bodren, ki le\u017ei na poti od Pregrade proti Humu na Sotli, je dobitnik 6 zlatih medalj na svetovnem tekmovanju Decanter World Wine Awards v Londonu za desertna ledena bela vina: chardonnay, rizling, sivi pinot in couvee izbrane trgatve<\/li><li>Vinska klet \u00bbSever\u00ab v bli\u017eini Klanjca; ponuja vina: chardonnay, sauvignon, gra\u0161evina, sivi pinot, rizling in avtohtono vrsto sokol<\/li><\/ul><p>\u00a0<\/p>\t\t\t\t\t\t\t\t<\/div>\n\t\t\t\t<\/div>\n\t\t\t\t\t<\/div>\n\t\t\t\t<\/div>\n\t\t\t\t<\/div>\n\t\t","protected":false},"excerpt":{"rendered":"<p>Vinske kleti Zagorje je obdarjeno z izvrstnimi naravnimi danostmi zato ni nenavadno, da se v teh krajih vinogradi obdelujejo \u017ee od nekdaj. Predstavljamo vam nekaj najbolj znanih vinarjev v Krapinsko-zagorski \u017eupaniji: Vinska klet \u00bbVuglec Breg\u00ab se nahaja v bli\u017eini Krapinskih Toplic na poti proti Krapini; obnovljena turisti\u010dna vas z avtenti\u010dnimi zagorskimi hi\u0161ami, vinogradi in vinsko [&hellip;]<\/p>\n","protected":false},"author":1,"featured_media":0,"parent":0,"menu_order":0,"comment_status":"closed","ping_status":"open","template":"","meta":{"footnotes":""},"class_list":["post-491","page","type-page","status-publish","hentry"],"_links":{"self":[{"href":"https:\/\/www.villa-magdalena.net\/sl\/wp-json\/wp\/v2\/pages\/491","targetHints":{"allow":["GET"]}}],"collection":[{"href":"https:\/\/www.villa-magdalena.net\/sl\/wp-json\/wp\/v2\/pages"}],"about":[{"href":"https:\/\/www.villa-magdalena.net\/sl\/wp-json\/wp\/v2\/types\/page"}],"author":[{"embeddable":true,"href":"https:\/\/www.villa-magdalena.net\/sl\/wp-json\/wp\/v2\/users\/1"}],"replies":[{"embeddable":true,"href":"https:\/\/www.villa-magdalena.net\/sl\/wp-json\/wp\/v2\/comments?post=491"}],"version-history":[{"count":6,"href":"https:\/\/www.villa-magdalena.net\/sl\/wp-json\/wp\/v2\/pages\/491\/revisions"}],"predecessor-version":[{"id":14654,"href":"https:\/\/www.villa-magdalena.net\/sl\/wp-json\/wp\/v2\/pages\/491\/revisions\/14654"}],"wp:attachment":[{"href":"https:\/\/www.villa-magdalena.net\/sl\/wp-json\/wp\/v2\/media?parent=491"}],"curies":[{"name":"wp","href":"https:\/\/api.w.org\/{rel}","templated":true}]}}